{"id":7322,"date":"2024-03-27T17:52:37","date_gmt":"2024-03-27T16:52:37","guid":{"rendered":"https:\/\/studiochrysalina.fr\/?page_id=7322"},"modified":"2024-03-27T17:52:37","modified_gmt":"2024-03-27T16:52:37","slug":"rendez-vous-prise-de-vue-des-photos-scolaire","status":"publish","type":"page","link":"https:\/\/studiochrysalina.fr\/ma-preprod\/rendez-vous-prise-de-vue-des-photos-scolaire\/","title":{"rendered":"Rendez-vous prise de vue des photos scolaire"},"content":{"rendered":"\t\t<div data-elementor-type=\"wp-page\" data-elementor-id=\"7322\" class=\"elementor elementor-7322\">\n\t\t\t\t\t\t<section class=\"elementor-section-with-custom-width elementor-section elementor-top-section elementor-element elementor-element-4bd04ce elementor-section-full_width elementor-section-height-default elementor-section-height-default wpr-particle-no wpr-jarallax-no wpr-parallax-no wpr-sticky-section-no sc_fly_static\" data-id=\"4bd04ce\" data-element_type=\"section\">\n\t\t\t\t\t\t<div class=\"elementor-container elementor-column-gap-extended\">\n\t\t\t\t\t<div class=\"elementor-column elementor-col-100 elementor-top-column elementor-element elementor-element-db86dd7 sc_inner_width_none sc_content_align_inherit sc_layouts_column_icons_position_left sc_fly_static\" data-id=\"db86dd7\" data-element_type=\"column\">\n\t\t\t<div class=\"elementor-widget-wrap elementor-element-populated\">\n\t\t\t\t\t\t<div class=\"elementor-element elementor-element-1cffc39 sc_fly_static elementor-widget elementor-widget-image\" data-id=\"1cffc39\" data-element_type=\"widget\" data-widget_type=\"image.default\">\n\t\t\t\t<div class=\"elementor-widget-container\">\n\t\t\t\t\t\t\t\t\t\t\t\t\t<img decoding=\"async\" src=\"http:\/\/studiochrysalina.fr\/wp-content\/uploads\/2024\/03\/photo-scolaire-rdv-scaled.jpg\" title=\"\" alt=\"\" loading=\"lazy\" \/>\t\t\t\t\t\t\t\t\t\t\t\t\t<\/div>\n\t\t\t\t<\/div>\n\t\t\t\t\t<\/div>\n\t\t<\/div>\n\t\t\t\t\t<\/div>\n\t\t<\/section>\n\t\t\t\t<section class=\"elementor-section elementor-top-section elementor-element elementor-element-f07036f elementor-section-boxed elementor-section-height-default elementor-section-height-default wpr-particle-no wpr-jarallax-no wpr-parallax-no wpr-sticky-section-no sc_fly_static\" data-id=\"f07036f\" data-element_type=\"section\">\n\t\t\t\t\t\t<div class=\"elementor-container elementor-column-gap-extended\">\n\t\t\t\t\t<div class=\"elementor-column elementor-col-100 elementor-top-column elementor-element elementor-element-2a55e8a sc_inner_width_none sc_content_align_inherit sc_layouts_column_icons_position_left sc_fly_static\" data-id=\"2a55e8a\" data-element_type=\"column\">\n\t\t\t<div class=\"elementor-widget-wrap elementor-element-populated\">\n\t\t\t\t\t\t<div class=\"elementor-element elementor-element-0147d18 sc_fly_static elementor-widget elementor-widget-text-editor\" data-id=\"0147d18\" data-element_type=\"widget\" data-widget_type=\"text-editor.default\">\n\t\t\t\t<div class=\"elementor-widget-container\">\n\t\t\t\t\t\t\t<p>Ch\u00e8res \u00e9coles partenaires,<\/p><p>Nous sommes heureux de vous informer que les cr\u00e9neaux pour les prises de vue scolaires sont d\u00e9sormais ouverts pour l&#8217;ann\u00e9e 2024\/2025 !<\/p><p>Cette ann\u00e9e, notre th\u00e8me est doublement inspirant : pour les photos individuelles, nous mettrons en avant les jeux de soci\u00e9t\u00e9, tandis que pour la photo de groupe, nous nous plongerons dans l&#8217;univers des Jeux Olympiques qui auront lieu cet \u00e9t\u00e9 2024 chez nous, en France.<\/p><p>C&#8217;est une occasion unique pour chaque \u00e9l\u00e8ve de montrer sa personnalit\u00e9 et son esprit ludique devant l&#8217;objectif, que ce soit en s&#8217;amusant avec leurs jeux pr\u00e9f\u00e9r\u00e9s ou en se plongeant dans l&#8217;esprit de comp\u00e9tition et de camaraderie des Jeux Olympiques.<\/p><p>Les r\u00e9servations sont ouvertes d\u00e8s maintenant, alors ne manquez pas l&#8217;opportunit\u00e9 de garantir votre cr\u00e9neau pour des souvenirs inoubliables. Prenez rendez-vous d\u00e8s aujourd&#8217;hui pour r\u00e9server votre place !<\/p><p>\u00c0 bient\u00f4t devant l&#8217;objectif,<\/p>\t\t\t\t\t\t<\/div>\n\t\t\t\t<\/div>\n\t\t\t\t\t<\/div>\n\t\t<\/div>\n\t\t\t\t\t<\/div>\n\t\t<\/section>\n\t\t\t\t<section class=\"elementor-section elementor-top-section elementor-element elementor-element-7cadf13 elementor-section-boxed elementor-section-height-default elementor-section-height-default wpr-particle-no wpr-jarallax-no wpr-parallax-no wpr-sticky-section-no sc_fly_static\" data-id=\"7cadf13\" data-element_type=\"section\">\n\t\t\t\t\t\t<div class=\"elementor-container elementor-column-gap-extended\">\n\t\t\t\t\t<div class=\"elementor-column elementor-col-100 elementor-top-column elementor-element elementor-element-02a0404 sc_inner_width_none sc_content_align_inherit sc_layouts_column_icons_position_left sc_fly_static\" data-id=\"02a0404\" data-element_type=\"column\">\n\t\t\t<div class=\"elementor-widget-wrap elementor-element-populated\">\n\t\t\t\t\t\t<div class=\"elementor-element elementor-element-ddaf6f4 sc_fly_static elementor-widget elementor-widget-html\" data-id=\"ddaf6f4\" data-element_type=\"widget\" data-widget_type=\"html.default\">\n\t\t\t\t<div class=\"elementor-widget-container\">\n\t\t\t<!-- D\u00e9but de widget en ligne Calendly -->\n<div class=\"calendly-inline-widget\" data-url=\"https:\/\/calendly.com\/studiochrysalina\/captation-photos-scolaire?hide_gdpr_banner=1&primary_color=efb67a\" style=\"min-width:320px;height:700px;\"><\/div>\n<script type=\"text\/javascript\" src=\"https:\/\/assets.calendly.com\/assets\/external\/widget.js\" async><\/script>\n<!-- Fin de widget en ligne Calendly -->\t\t<\/div>\n\t\t\t\t<\/div>\n\t\t\t\t\t<\/div>\n\t\t<\/div>\n\t\t\t\t\t<\/div>\n\t\t<\/section>\n\t\t\t\t<\/div>\n\t\t","protected":false},"excerpt":{"rendered":"<p>Ch\u00e8res \u00e9coles partenaires, Nous sommes heureux de vous informer que les cr\u00e9neaux pour les prises de vue scolaires sont d\u00e9sormais ouverts pour l&#8217;ann\u00e9e 2024\/2025 ! Cette ann\u00e9e, notre th\u00e8me est&hellip;<\/p>\n","protected":false},"author":1,"featured_media":0,"parent":0,"menu_order":0,"comment_status":"closed","ping_status":"closed","template":"","meta":{"footnotes":""},"yoast_head":"<!-- This site is optimized with the Yoast SEO plugin v21.8 - https:\/\/yoast.com\/wordpress\/plugins\/seo\/ -->\n<title>Rendez-vous prise de vue des photos scolaire - Studio Chrysalina<\/title>\n<meta name=\"robots\" content=\"noindex, follow, max-snippet:-1, max-image-preview:large, max-video-preview:-1\" \/>\n<meta property=\"og:locale\" content=\"fr_FR\" \/>\n<meta property=\"og:type\" content=\"article\" \/>\n<meta property=\"og:title\" content=\"Rendez-vous prise de vue des photos scolaire - Studio Chrysalina\" \/>\n<meta property=\"og:description\" content=\"Ch\u00e8res \u00e9coles partenaires, Nous sommes heureux de vous informer que les cr\u00e9neaux pour les prises de vue scolaires sont d\u00e9sormais ouverts pour l&#8217;ann\u00e9e 2024\/2025 ! Cette ann\u00e9e, notre th\u00e8me est&hellip;\" \/>\n<meta property=\"og:url\" content=\"https:\/\/studiochrysalina.fr\/ma-preprod\/rendez-vous-prise-de-vue-des-photos-scolaire\/\" \/>\n<meta property=\"og:site_name\" content=\"Studio Chrysalina\" \/>\n<meta property=\"og:image\" content=\"http:\/\/studiochrysalina.fr\/wp-content\/uploads\/2024\/03\/photo-scolaire-rdv-1536x799.jpg\" \/>\n<meta name=\"twitter:label1\" content=\"Dur\u00e9e de lecture estim\u00e9e\" \/>\n\t<meta name=\"twitter:data1\" content=\"1 minute\" \/>\n<script type=\"application\/ld+json\" class=\"yoast-schema-graph\">{\"@context\":\"https:\/\/schema.org\",\"@graph\":[{\"@type\":\"WebPage\",\"@id\":\"https:\/\/studiochrysalina.fr\/ma-preprod\/rendez-vous-prise-de-vue-des-photos-scolaire\/\",\"url\":\"https:\/\/studiochrysalina.fr\/ma-preprod\/rendez-vous-prise-de-vue-des-photos-scolaire\/\",\"name\":\"Rendez-vous prise de vue des photos scolaire - Studio Chrysalina\",\"isPartOf\":{\"@id\":\"https:\/\/studiochrysalina.fr\/ma-preprod\/#website\"},\"datePublished\":\"2024-03-27T16:52:37+00:00\",\"dateModified\":\"2024-03-27T16:52:37+00:00\",\"breadcrumb\":{\"@id\":\"https:\/\/studiochrysalina.fr\/ma-preprod\/rendez-vous-prise-de-vue-des-photos-scolaire\/#breadcrumb\"},\"inLanguage\":\"fr-FR\",\"potentialAction\":[{\"@type\":\"ReadAction\",\"target\":[\"https:\/\/studiochrysalina.fr\/ma-preprod\/rendez-vous-prise-de-vue-des-photos-scolaire\/\"]}]},{\"@type\":\"BreadcrumbList\",\"@id\":\"https:\/\/studiochrysalina.fr\/ma-preprod\/rendez-vous-prise-de-vue-des-photos-scolaire\/#breadcrumb\",\"itemListElement\":[{\"@type\":\"ListItem\",\"position\":1,\"name\":\"Home\",\"item\":\"https:\/\/studiochrysalina.fr\/ma-preprod\/\"},{\"@type\":\"ListItem\",\"position\":2,\"name\":\"Rendez-vous prise de vue des photos scolaire\"}]},{\"@type\":\"WebSite\",\"@id\":\"https:\/\/studiochrysalina.fr\/ma-preprod\/#website\",\"url\":\"https:\/\/studiochrysalina.fr\/ma-preprod\/\",\"name\":\"Studio Chrysalina\",\"description\":\"Soyez vous !\",\"publisher\":{\"@id\":\"https:\/\/studiochrysalina.fr\/ma-preprod\/#organization\"},\"potentialAction\":[{\"@type\":\"SearchAction\",\"target\":{\"@type\":\"EntryPoint\",\"urlTemplate\":\"https:\/\/studiochrysalina.fr\/ma-preprod\/?s={search_term_string}\"},\"query-input\":\"required name=search_term_string\"}],\"inLanguage\":\"fr-FR\"},{\"@type\":\"Organization\",\"@id\":\"https:\/\/studiochrysalina.fr\/ma-preprod\/#organization\",\"name\":\"Studio Chrysalina\",\"url\":\"https:\/\/studiochrysalina.fr\/ma-preprod\/\",\"logo\":{\"@type\":\"ImageObject\",\"inLanguage\":\"fr-FR\",\"@id\":\"https:\/\/studiochrysalina.fr\/ma-preprod\/#\/schema\/logo\/image\/\",\"url\":\"https:\/\/studiochrysalina.fr\/ma-preprod\/wp-content\/uploads\/2024\/03\/logo-SC.png\",\"contentUrl\":\"https:\/\/studiochrysalina.fr\/ma-preprod\/wp-content\/uploads\/2024\/03\/logo-SC.png\",\"width\":1200,\"height\":737,\"caption\":\"Studio Chrysalina\"},\"image\":{\"@id\":\"https:\/\/studiochrysalina.fr\/ma-preprod\/#\/schema\/logo\/image\/\"}}]}<\/script>\n<!-- \/ Yoast SEO plugin. -->","yoast_head_json":{"title":"Rendez-vous prise de vue des photos scolaire - Studio Chrysalina","robots":{"index":"noindex","follow":"follow","max-snippet":"max-snippet:-1","max-image-preview":"max-image-preview:large","max-video-preview":"max-video-preview:-1"},"og_locale":"fr_FR","og_type":"article","og_title":"Rendez-vous prise de vue des photos scolaire - Studio Chrysalina","og_description":"Ch\u00e8res \u00e9coles partenaires, Nous sommes heureux de vous informer que les cr\u00e9neaux pour les prises de vue scolaires sont d\u00e9sormais ouverts pour l&#8217;ann\u00e9e 2024\/2025 ! Cette ann\u00e9e, notre th\u00e8me est&hellip;","og_url":"https:\/\/studiochrysalina.fr\/ma-preprod\/rendez-vous-prise-de-vue-des-photos-scolaire\/","og_site_name":"Studio Chrysalina","og_image":[{"url":"http:\/\/studiochrysalina.fr\/wp-content\/uploads\/2024\/03\/photo-scolaire-rdv-1536x799.jpg"}],"twitter_misc":{"Dur\u00e9e de lecture estim\u00e9e":"1 minute"},"schema":{"@context":"https:\/\/schema.org","@graph":[{"@type":"WebPage","@id":"https:\/\/studiochrysalina.fr\/ma-preprod\/rendez-vous-prise-de-vue-des-photos-scolaire\/","url":"https:\/\/studiochrysalina.fr\/ma-preprod\/rendez-vous-prise-de-vue-des-photos-scolaire\/","name":"Rendez-vous prise de vue des photos scolaire - Studio Chrysalina","isPartOf":{"@id":"https:\/\/studiochrysalina.fr\/ma-preprod\/#website"},"datePublished":"2024-03-27T16:52:37+00:00","dateModified":"2024-03-27T16:52:37+00:00","breadcrumb":{"@id":"https:\/\/studiochrysalina.fr\/ma-preprod\/rendez-vous-prise-de-vue-des-photos-scolaire\/#breadcrumb"},"inLanguage":"fr-FR","potentialAction":[{"@type":"ReadAction","target":["https:\/\/studiochrysalina.fr\/ma-preprod\/rendez-vous-prise-de-vue-des-photos-scolaire\/"]}]},{"@type":"BreadcrumbList","@id":"https:\/\/studiochrysalina.fr\/ma-preprod\/rendez-vous-prise-de-vue-des-photos-scolaire\/#breadcrumb","itemListElement":[{"@type":"ListItem","position":1,"name":"Home","item":"https:\/\/studiochrysalina.fr\/ma-preprod\/"},{"@type":"ListItem","position":2,"name":"Rendez-vous prise de vue des photos scolaire"}]},{"@type":"WebSite","@id":"https:\/\/studiochrysalina.fr\/ma-preprod\/#website","url":"https:\/\/studiochrysalina.fr\/ma-preprod\/","name":"Studio Chrysalina","description":"Soyez vous !","publisher":{"@id":"https:\/\/studiochrysalina.fr\/ma-preprod\/#organization"},"potentialAction":[{"@type":"SearchAction","target":{"@type":"EntryPoint","urlTemplate":"https:\/\/studiochrysalina.fr\/ma-preprod\/?s={search_term_string}"},"query-input":"required name=search_term_string"}],"inLanguage":"fr-FR"},{"@type":"Organization","@id":"https:\/\/studiochrysalina.fr\/ma-preprod\/#organization","name":"Studio Chrysalina","url":"https:\/\/studiochrysalina.fr\/ma-preprod\/","logo":{"@type":"ImageObject","inLanguage":"fr-FR","@id":"https:\/\/studiochrysalina.fr\/ma-preprod\/#\/schema\/logo\/image\/","url":"https:\/\/studiochrysalina.fr\/ma-preprod\/wp-content\/uploads\/2024\/03\/logo-SC.png","contentUrl":"https:\/\/studiochrysalina.fr\/ma-preprod\/wp-content\/uploads\/2024\/03\/logo-SC.png","width":1200,"height":737,"caption":"Studio Chrysalina"},"image":{"@id":"https:\/\/studiochrysalina.fr\/ma-preprod\/#\/schema\/logo\/image\/"}}]}},"_links":{"self":[{"href":"https:\/\/studiochrysalina.fr\/ma-preprod\/wp-json\/wp\/v2\/pages\/7322"}],"collection":[{"href":"https:\/\/studiochrysalina.fr\/ma-preprod\/wp-json\/wp\/v2\/pages"}],"about":[{"href":"https:\/\/studiochrysalina.fr\/ma-preprod\/wp-json\/wp\/v2\/types\/page"}],"author":[{"embeddable":true,"href":"https:\/\/studiochrysalina.fr\/ma-preprod\/wp-json\/wp\/v2\/users\/1"}],"replies":[{"embeddable":true,"href":"https:\/\/studiochrysalina.fr\/ma-preprod\/wp-json\/wp\/v2\/comments?post=7322"}],"version-history":[{"count":0,"href":"https:\/\/studiochrysalina.fr\/ma-preprod\/wp-json\/wp\/v2\/pages\/7322\/revisions"}],"wp:attachment":[{"href":"https:\/\/studiochrysalina.fr\/ma-preprod\/wp-json\/wp\/v2\/media?parent=7322"}],"curies":[{"name":"wp","href":"https:\/\/api.w.org\/{rel}","templated":true}]}}